{"id":346731,"date":"2021-03-01T11:21:27","date_gmt":"2021-03-01T11:21:27","guid":{"rendered":"https:\/\/www.zfx.com\/urunler\/cryptocurrencies\/"},"modified":"2026-04-08T11:58:41","modified_gmt":"2026-04-08T11:58:41","slug":"cryptocurrencies","status":"publish","type":"page","link":"https:\/\/www.tr-zfx.com\/tr\/urunler\/cryptocurrencies\/","title":{"rendered":"CFD Kripto Para Birimleri"},"content":{"rendered":"\t\t<div data-elementor-type=\"wp-page\" data-elementor-id=\"346731\" class=\"elementor elementor-346731 elementor-218538\" data-elementor-post-type=\"page\">\n\t\t\t\t\t\t<section class=\"elementor-section elementor-top-section elementor-element elementor-element-6d96a098 elementor-section-boxed elementor-section-height-default elementor-section-height-default\" data-id=\"6d96a098\" data-element_type=\"section\" data-settings=\"{&quot;background_background&quot;:&quot;classic&quot;}\">\n\t\t\t\t\t\t<div class=\"elementor-container elementor-column-gap-default\">\n\t\t\t\t\t<div class=\"elementor-column elementor-col-100 elementor-top-column elementor-element elementor-element-7d379906\" data-id=\"7d379906\" data-element_type=\"column\">\n\t\t\t<div class=\"elementor-widget-wrap elementor-element-populated\">\n\t\t\t\t\t\t<div class=\"elementor-element elementor-element-67b611a2 smallcaps elementor-widget elementor-widget-heading\" data-id=\"67b611a2\" data-element_type=\"widget\" data-widget_type=\"heading.default\">\n\t\t\t\t<div class=\"elementor-widget-container\">\n\t\t\t\t\t<h1 class=\"elementor-heading-title elementor-size-default\">Cryptocurrency Trading<\/h1>\t\t\t\t<\/div>\n\t\t\t\t<\/div>\n\t\t\t\t<div class=\"elementor-element elementor-element-b869867 elementor-widget elementor-widget-text-editor\" data-id=\"b869867\" data-element_type=\"widget\" data-widget_type=\"text-editor.default\">\n\t\t\t\t<div class=\"elementor-widget-container\">\n\t\t\t\t\t\t\t\t\t<p>Backed by blockchain technology, cryptocurrencies like Ethereum, Litecoin, and the famous Bitcoin have gained popularity in the investment world at an unprecedented level. Cryptocurrencies experience rapid intraday price movements, with the opportunity for fast potential profits.<\/p><p>You can now participate in crypto trading with CFDs without putting in full capitals. Open a live or demo trading account on ZFX to try out our trailblazing trading platform.<\/p>\t\t\t\t\t\t\t\t<\/div>\n\t\t\t\t<\/div>\n\t\t\t\t<section class=\"elementor-section elementor-inner-section elementor-element elementor-element-c7fdfa3 elementor-section-boxed elementor-section-height-default elementor-section-height-default\" data-id=\"c7fdfa3\" data-element_type=\"section\">\n\t\t\t\t\t\t<div class=\"elementor-container elementor-column-gap-default\">\n\t\t\t\t\t<div class=\"elementor-column elementor-col-50 elementor-inner-column elementor-element elementor-element-78b2b9ed\" data-id=\"78b2b9ed\" data-element_type=\"column\">\n\t\t\t<div class=\"elementor-widget-wrap elementor-element-populated\">\n\t\t\t\t\t\t<div class=\"elementor-element elementor-element-3b653b07 elementor-button-block elementor-widget elementor-widget-button\" data-id=\"3b653b07\" data-element_type=\"widget\" data-widget_type=\"button.default\">\n\t\t\t\t<div class=\"elementor-widget-container\">\n\t\t\t\t\t\t\t\t\t<div class=\"elementor-button-wrapper\">\n\t\t\t\t\t<a class=\"elementor-button elementor-button-link elementor-size-md\" href=\"https:\/\/my.zfx.com\/reg\/truely\">\n\t\t\t\t\t\t<span class=\"elementor-button-content-wrapper\">\n\t\t\t\t\t\t\t\t\t<span class=\"elementor-button-text\">Open a Live Trading Account<\/span>\n\t\t\t\t\t<\/span>\n\t\t\t\t\t<\/a>\n\t\t\t\t<\/div>\n\t\t\t\t\t\t\t\t<\/div>\n\t\t\t\t<\/div>\n\t\t\t\t\t<\/div>\n\t\t<\/div>\n\t\t\t\t<div class=\"elementor-column elementor-col-50 elementor-inner-column elementor-element elementor-element-2d076db8\" data-id=\"2d076db8\" data-element_type=\"column\">\n\t\t\t<div class=\"elementor-widget-wrap elementor-element-populated\">\n\t\t\t\t\t\t<div class=\"elementor-element elementor-element-399a5d23 elementor-button-block elementor-widget elementor-widget-button\" data-id=\"399a5d23\" data-element_type=\"widget\" data-widget_type=\"button.default\">\n\t\t\t\t<div class=\"elementor-widget-container\">\n\t\t\t\t\t\t\t\t\t<div class=\"elementor-button-wrapper\">\n\t\t\t\t\t<a class=\"elementor-button elementor-button-link elementor-size-md\" href=\"https:\/\/my.zfx.com\/reg\/demo\">\n\t\t\t\t\t\t<span class=\"elementor-button-content-wrapper\">\n\t\t\t\t\t\t\t\t\t<span class=\"elementor-button-text\">Open a Demo Trading Account<\/span>\n\t\t\t\t\t<\/span>\n\t\t\t\t\t<\/a>\n\t\t\t\t<\/div>\n\t\t\t\t\t\t\t\t<\/div>\n\t\t\t\t<\/div>\n\t\t\t\t\t<\/div>\n\t\t<\/div>\n\t\t\t\t\t<\/div>\n\t\t<\/section>\n\t\t\t\t\t<\/div>\n\t\t<\/div>\n\t\t\t\t\t<\/div>\n\t\t<\/section>\n\t\t\t\t<section class=\"elementor-section elementor-top-section elementor-element elementor-element-1cf46ec9 elementor-section-boxed elementor-section-height-default elementor-section-height-default\" data-id=\"1cf46ec9\" data-element_type=\"section\">\n\t\t\t\t\t\t<div class=\"elementor-container elementor-column-gap-default\">\n\t\t\t\t\t<div class=\"elementor-column elementor-col-100 elementor-top-column elementor-element elementor-element-12d70886\" data-id=\"12d70886\" data-element_type=\"column\">\n\t\t\t<div class=\"elementor-widget-wrap elementor-element-populated\">\n\t\t\t\t\t\t<div class=\"elementor-element elementor-element-ade4547 elementor-widget elementor-widget-shortcode\" data-id=\"ade4547\" data-element_type=\"widget\" data-widget_type=\"shortcode.default\">\n\t\t\t\t<div class=\"elementor-widget-container\">\n\t\t\t\t\t\t\t<div class=\"elementor-shortcode\">        <div class=\"symbols-table\" id=\"symbols-table\"><\/div>\n        <script>\n            document.addEventListener('readystatechange', function () {\n                if (document.readyState === 'complete') {\n                    var lang = \"tr\";\n                    var langUrlPath = lang || 'en';\n                    window.app.NextQuotes({\n                        el: '#symbols-table',\n                        dir: document.documentElement.getAttribute('dir'),\n                        lang: document.documentElement.getAttribute('lang'),\n                        langUrlPath: langUrlPath,\n                        pannel: {\n                            \/\/ enabled: false,\n                            tabs: [{\n                                text: 'En \u00c7ok \u0130\u015flem G\u00f6ren',\n                                href: \"https:\/\/\" +\"www\" + \".\" + \"tr-zfx\" + \".\" + \"com\"  +'\/product\/hot',\n                                \/\/ nativeLink: false\n                            },\n                                {\n                                    text: 'Artanlar & D\u00fc\u015fenler',\n                                    href: \"https:\/\/\" +\"www\" + \".\" + \"tr-zfx\" + \".\" + \"com\"  +'\/product\/rise',\n                                    \/\/ nativeLink: false\n                                },\n                                {\n                                    text: 'Ta\u015f\u0131y\u0131c\u0131lar',\n                                    href: \"https:\/\/\" +\"www\" + \".\" + \"tr-zfx\" + \".\" + \"com\"  +'\/product\/wave',\n                                    \/\/ nativeLink: false\n                                }\n                            ],\n                            links: [{\n                                text: 'S\u00f6zle\u015fme \u00d6zellikleri >>',\n                                href: window.location.origin + '\/' + langUrlPath + '\/product-overview\/contract-specifications\/'\n                            }]\n                        },\n                        table: {\n                            trOnClick: function (symbol, event) {\n                                event.stopPropagation();\n                                var productPaths = {\n                                    'en': '\/products\/',\n                                    'ko': '\/ko\/%EC%83%81%ED%92%88\/',\n                                    'tr': '\/tr\/urunler\/',\n                                    'mx': '\/mx\/productos\/',\n                                    'br': '\/br\/produtos\/'\n                                };\n                                var basePath = productPaths[langUrlPath] || ('\/' + langUrlPath + '\/products\/');\n                                window.location.assign(\n                                    window.location.origin + basePath +\n                                    '?msymbol=' + symbol.mt4_symbol +\n                                    '&symbol=' + symbol.zfx_symbol +\n                                    '&symbol_type=' + symbol.account_type +\n                                    '&symbol_name=' + symbol.mt4_symbol.toLowerCase()\n                                );\n                            },\n                            ajaxURL: \"https:\/\/\" +\"www\" + \".\" + \"tr-zfx\" + \".\" + \"com\"  +'\/product\/hot',\n                            wsURL: 'wss:\/\/cdn-wsdemo.zfx.cn\/websocket',\n                            pubKey: 'MIGfMA0GCSqGSIb3DQEBAQUAA4GNADCBiQKBgQCHfsq\/H1VSF7DBs2 \/YQnZW6MSBus0p4mvPNa4U1CHPM1xZcaQ0tWUItYu79GgGdRv684UTgPQtNTZOSi5poJnvLSBGG540dDDDCfVKqZ26m8vP5XEF2CZJcmJE9YjA \/F6T21vr31BPD75GJDHz5sEgubh09mDPZRr7fu8nDOqoqwIDAQAB',\n                            symbol_type: 4,                            page_size: 8,\n                            symbol: {\n                                thead: 'Yat\u0131r\u0131m Arac\u0131'\n                            },\n                            ask: {\n                                thead: 'Sat'\n                            },\n                            bid: {\n                                thead: 'Sat\u0131n al'\n                            },\n                            change: {\n                                thead: 'De\u011fi\u015ftir',\n                                enabled: true\n                            },\n                            chart: {\n                                thead: '\u00c7izelge',\n                                enabled: true\n                            },\n                            sentiment: {\n                                thead: 'Hassasiyet',\n                                long: 'Uzun',\n                                short: 'K\u0131sa',\n                                enabled: true\n                            }\n                        },\n                        buttons: {\n                            list: {\n                                seeMore: {\n                                    text: 'Daha fazla \u00fcr\u00fcn g\u00f6r',\n                                    activeText: 'Daha fazla \u00fcr\u00fcn g\u00f6r',\n                                    step: 8                                }\n                            }\n                        },\n                        progressBar: false,\n                        debug: false\n                    });\n                }\n            });\n        <\/script>\n        <\/div>\n\t\t\t\t\t\t<\/div>\n\t\t\t\t<\/div>\n\t\t\t\t<div class=\"elementor-element elementor-element-36d16d45 elementor-widget elementor-widget-heading\" data-id=\"36d16d45\" data-element_type=\"widget\" data-widget_type=\"heading.default\">\n\t\t\t\t<div class=\"elementor-widget-container\">\n\t\t\t\t\t<h2 class=\"elementor-heading-title elementor-size-default\">FAQ<\/h2>\t\t\t\t<\/div>\n\t\t\t\t<\/div>\n\t\t\t\t\t<\/div>\n\t\t<\/div>\n\t\t\t\t\t<\/div>\n\t\t<\/section>\n\t\t\t\t<\/div>\n\t\t","protected":false},"excerpt":{"rendered":"","protected":false},"author":100,"featured_media":0,"parent":263356,"menu_order":0,"comment_status":"closed","ping_status":"closed","template":"","meta":{"_acf_changed":false,"footnotes":""},"class_list":["post-346731","page","type-page","status-publish","hentry"],"acf":[],"_links":{"self":[{"href":"https:\/\/www.tr-zfx.com\/tr\/wp-json\/wp\/v2\/pages\/346731","targetHints":{"allow":["GET"]}}],"collection":[{"href":"https:\/\/www.tr-zfx.com\/tr\/wp-json\/wp\/v2\/pages"}],"about":[{"href":"https:\/\/www.tr-zfx.com\/tr\/wp-json\/wp\/v2\/types\/page"}],"author":[{"embeddable":true,"href":"https:\/\/www.tr-zfx.com\/tr\/wp-json\/wp\/v2\/users\/100"}],"replies":[{"embeddable":true,"href":"https:\/\/www.tr-zfx.com\/tr\/wp-json\/wp\/v2\/comments?post=346731"}],"version-history":[{"count":1,"href":"https:\/\/www.tr-zfx.com\/tr\/wp-json\/wp\/v2\/pages\/346731\/revisions"}],"predecessor-version":[{"id":360239,"href":"https:\/\/www.tr-zfx.com\/tr\/wp-json\/wp\/v2\/pages\/346731\/revisions\/360239"}],"up":[{"embeddable":true,"href":"https:\/\/www.tr-zfx.com\/tr\/wp-json\/wp\/v2\/pages\/263356"}],"wp:attachment":[{"href":"https:\/\/www.tr-zfx.com\/tr\/wp-json\/wp\/v2\/media?parent=346731"}],"curies":[{"name":"wp","href":"https:\/\/api.w.org\/{rel}","templated":true}]}}