{"id":276533,"date":"2021-12-09T16:40:25","date_gmt":"2021-12-09T16:40:25","guid":{"rendered":"https:\/\/www.zfx.com\/urunler\/endeksler\/"},"modified":"2024-11-28T13:26:15","modified_gmt":"2024-11-28T13:26:15","slug":"endeksler","status":"publish","type":"page","link":"https:\/\/www.tr-zfx.com\/tr\/urunler\/endeksler\/","title":{"rendered":"Endeksler"},"content":{"rendered":"<h1>Endeks Ticareti<\/h1>\n<p style=\"text-align: center;\">Hisse senedi endeksleri hisse senedi piyasalar\u0131n\u0131n fiyat performans\u0131n\u0131 \u00f6l\u00e7t\u00fc. CFD\u2019leri t\u0131pk\u0131 bireysel hisseler gibi b\u00fcy\u00fck k\u00fcresel endekslerde al\u0131p satabilirsiniz. ZFX ile d\u00fcnyan\u0131n en b\u00fcy\u00fck finansal borsalar\u0131nda hisse senedi piyasalar\u0131ndaki geni\u015f hamlelerden yararlanabilirsiniz.<\/p>\n<p style=\"text-align: center;\">Trading hisse senedi endeksi CFD\u2019leri, sermayenizin daha da ileri gitti\u011fi anlam\u0131na gelen k\u00fc\u00e7\u00fck bir mebla\u011f ile b\u00fcy\u00fck bir getiriden yararlanman\u0131za olanak tan\u0131r. Yat\u0131r\u0131m f\u0131rsatlar\u0131m\u0131zdan yararlanmak i\u00e7in \u015fimdi ZFX\u2019de bir hesap a\u00e7\u0131n.<\/p>\n\t\t\t<a href=\"https:\/\/my.zfx.com\/tr\/reg\/truely\" role=\"button\">\nCanl\u0131 \u0130\u015flem Hesab\u0131 A\u00e7ma\n<\/a>\n<a href=\"https:\/\/my.zfx.com\/tr\/reg\/truely\" role=\"button\">\nDemo \u0130\u015flem Hesab\u0131 A\u00e7\u0131n\n<\/a>\n<script><br \/>\n\t\t\tfunction symbolsTableIframeOnLoad() {<br \/>\n\t\t\t\tvar lang = \"tr\";<br \/>\n\t\t\t\tvar langUrlPath = lang || 'en';<br \/>\n\t\t\t\tvar symbolsTableIframe = document.getElementById('symbols-table__iframe');<br \/>\n\t\t\t\tvar data = {<br \/>\n\t\t\t\t\tel: '#symbols-table',<br \/>\n\t\t\t\t\tdir: document.documentElement.getAttribute('dir'),<br \/>\n\t\t\t\t\tlang: document.documentElement.getAttribute('lang'),<br \/>\n\t\t\t\t\tlangUrlPath: langUrlPath,<br \/>\n\t\t\t\t\tpannel: {<br \/>\n\t\t\t\t\t\t\/\/ enabled: false,<br \/>\n\t\t\t\t\t\ttabs: [{<br \/>\n\t\t\t\t\t\t\t\ttext: 'Most Traded',<br \/>\n\t\t\t\t\t\t\t\thref: \"https:\/\/\" +\"www\" + \".\" + \"zfx\" + \".\" + \"com\"  + '\/product\/hot',<br \/>\n\t\t\t\t\t\t\t\t\/\/ nativeLink: false<br \/>\n\t\t\t\t\t\t\t},<br \/>\n\t\t\t\t\t\t\t{<br \/>\n\t\t\t\t\t\t\t\ttext: 'Risers & Fallers',<br \/>\n\t\t\t\t\t\t\t\thref: \"https:\/\/\" +\"www\" + \".\" + \"zfx\" + \".\" + \"com\"  + '\/product\/rise',<br \/>\n\t\t\t\t\t\t\t\t\/\/ nativeLink: false<br \/>\n\t\t\t\t\t\t\t},<br \/>\n\t\t\t\t\t\t\t{<br \/>\n\t\t\t\t\t\t\t\ttext: 'Movers',<br \/>\n\t\t\t\t\t\t\t\thref: \"https:\/\/\" +\"www\" + \".\" + \"zfx\" + \".\" + \"com\"  + '\/product\/wave',<br \/>\n\t\t\t\t\t\t\t\t\/\/ nativeLink: false<br \/>\n\t\t\t\t\t\t\t}<br \/>\n\t\t\t\t\t\t],<br \/>\n\t\t\t\t\t\tlinks: [{<br \/>\n\t\t\t\t\t\t\ttext: 'Contract Specifications >>',<br \/>\n\t\t\t\t\t\t\thref: window.location.origin + '\/' + langUrlPath + '\/product-overview\/contract-specifications\/'<br \/>\n\t\t\t\t\t\t}]<br \/>\n\t\t\t\t\t},<br \/>\n\t\t\t\t\ttable: {<br \/>\n\t\t\t\t\t\ttrOnClick: true,<br \/>\n\t\t\t\t\t\tajaxURL: \"https:\/\/\" +\"www\" + \".\" + \"zfx\" + \".\" + \"com\"  + '\/product\/hot',<br \/>\n\t\t\t\t\t\twsURL: 'wss:\/\/cdn-wsdemo.zfx.cn\/websocket',<br \/>\n\t\t\t\t\t\tpubKey: 'MIGfMA0GCSqGSIb3DQEBAQUAA4GNADCBiQKBgQCHfsq\/H1VSF7DBs2 \/YQnZW6MSBus0p4mvPNa4U1CHPM1xZcaQ0tWUItYu79GgGdRv684UTgPQtNTZOSi5poJnvLSBGG540dDDDCfVKqZ26m8vP5XEF2CZJcmJE9YjA \/F6T21vr31BPD75GJDHz5sEgubh09mDPZRr7fu8nDOqoqwIDAQAB',<br \/>\n\t\t\t\t\t\tsymbol_type: 3,\t\t\t\t\t\tpage_size: 8,<br \/>\n\t\t\t\t\t\tsymbol: {<br \/>\n\t\t\t\t\t\t\tthead: 'Instrument'<br \/>\n\t\t\t\t\t\t},<br \/>\n\t\t\t\t\t\task: {<br \/>\n\t\t\t\t\t\t\tthead: 'Sell'<br \/>\n\t\t\t\t\t\t},<br \/>\n\t\t\t\t\t\tbid: {<br \/>\n\t\t\t\t\t\t\tthead: 'Buy'<br \/>\n\t\t\t\t\t\t},<br \/>\n\t\t\t\t\t\tchange: {<br \/>\n\t\t\t\t\t\t\tthead: 'Change',<br \/>\n\t\t\t\t\t\t\tenabled: true<br \/>\n\t\t\t\t\t\t},<br \/>\n\t\t\t\t\t\tchart: {<br \/>\n\t\t\t\t\t\t\tthead: 'Chart',<br \/>\n\t\t\t\t\t\t\tenabled: true<br \/>\n\t\t\t\t\t\t},<br \/>\n\t\t\t\t\t\tsentiment: {<br \/>\n\t\t\t\t\t\t\tthead: 'Sentiment',<br \/>\n\t\t\t\t\t\t\tlong: 'Long',<br \/>\n\t\t\t\t\t\t\tshort: 'Short',<br \/>\n\t\t\t\t\t\t\tenabled: true<br \/>\n\t\t\t\t\t\t}<br \/>\n\t\t\t\t\t},<br \/>\n\t\t\t\t\tbuttons: {<br \/>\n\t\t\t\t\t\tlist: {<br \/>\n\t\t\t\t\t\t\tseeMore: {<br \/>\n\t\t\t\t\t\t\t\ttext: 'See more products',<br \/>\n\t\t\t\t\t\t\t\tactiveText: 'See more products',<br \/>\n\t\t\t\t\t\t\t\tstep: 8 \/\/ Step to download additional data<br \/>\n\t\t\t\t\t\t\t\t\/\/ enabled: false \/\/ Show or hide action button => Default value: true<br \/>\n\t\t\t\t\t\t\t}<br \/>\n\t\t\t\t\t\t}<br \/>\n\t\t\t\t\t},<br \/>\n\t\t\t\t\tprogressBar: false,<br \/>\n\t\t\t\t\tdebug: false<br \/>\n\t\t\t\t};<br \/>\n\t\t\t\tsymbolsTableIframe.contentWindow.postMessage(data, '*');<br \/>\n\t\t\t}<br \/>\n\t\t<\/script>\n<iframe src=\"\/wp-content\/themes\/zfx\/assets\/up_\/iframes\/symbols-table__iframe.html?ver=1.27.0:e6d02544\" class=\"symbols-table__iframe\" id=\"symbols-table__iframe\" style=\"border: 0;\" onload=\"javascript:symbolsTableIframeOnLoad();\"><\/iframe>\n<h2>Dizin CFD\u2019leri Hakk\u0131nda Daha Fazla Bilgi<\/h2>\n<div class=\"faq\">\n<div class=\"container faq__container container--content container--layout\">\n\t\t\t\t\t<main class=\"faq__main\">\n<div class=\"tab-content tab-content--custom\" id=\"v-faq-pills-tabContent\">\n<div class=\"tab-pane fade active show\" id=\"v-pills-about\" role=\"tabpanel\" aria-labelledby=\"v-faq-pills-tabContent\">\n<div class=\"accordion accordion--custom\" id=\"faq-accordion\">\n<div class=\"card\">\n<div class=\"card-header\" id=\"faq-accordion-heading--262817\">\n<h3 class=\"card-header__title\">\n\t\t\t\t\t\t\t\t\t\t\t\t\t<button class=\"btn btn-link collapsed\" type=\"button\" data-toggle=\"collapse\" data-target=\"#faq-collapse--262817\" aria-expanded=\"false\" aria-controls=\"faq-collapse--262817\">\n<span class=\"btn__text\">CFD nedir?<\/span>\n<span class=\"btn__icon\">\n<svg class=\"icon icon-plus\" xmlns:xlink=\"http:\/\/www.w3.org\/1999\/xlink\">\n<\/br>\n\t\t\t\t\t\t\t\t\t\t\t\t\t\t\t\t<use xlink:href=\"#icon-plus-academy-faq-acardion\"><\/use>\n<\/br>\n\t\t\t\t\t\t\t\t\t\t\t\t\t\t\t<\/svg>\n<svg class=\"icon icon-minus\" xmlns:xlink=\"http:\/\/www.w3.org\/1999\/xlink\">\n<\/br>\n\t\t\t\t\t\t\t\t\t\t\t\t\t\t\t\t<use xlink:href=\"#icon-minus-academy-faq-acardion\"><\/use>\n<\/br>\n\t\t\t\t\t\t\t\t\t\t\t\t\t\t\t<\/svg>\n<\/span>\n<\/button><\/h3>\n<\/div>\n<div class=\"collapse\" id=\"faq-collapse--262817\" aria-labelledby=\"faq-accordion-heading--262817\" data-parent=\"#faq-accordion\" style=\"\">\n<div class=\"card-body\">\n\nBir hisse senedi endeksi (veya bir\u00e7ok endeks), borsan\u0131n barometresidir. Borsa endeksleri, yat\u0131r\u0131mc\u0131lar\u0131n piyasan\u0131n nas\u0131l hareket etti\u011fini anlamalar\u0131na ve gelece\u011fi tahmin etmelerine yard\u0131mc\u0131 olur.\n\nHisse senedi endeksleri \u00fczerinde spek\u00fclasyon yapmak i\u00e7in CFD\u2019leri (Fark S\u00f6zle\u015fmesi) kullanabilirsiniz. Bir CFD pozisyonu almak i\u00e7in, yat\u0131r\u0131mc\u0131 bir d\u00f6nemden di\u011ferine endeks fiyat\u0131ndaki fark\u0131 takas etmeyi kabul eder. Borsa endeksleri CFD\u2019leri \u00e7ok pop\u00fclerdir. D\u00fcnya \u00e7ap\u0131ndaki t\u00fcm bilinen endeksler ZEAL Forex paltformunda mevcuttur ve yat\u0131r\u0131mc\u0131lar nerede olurlarsa olsunlar k\u00fcresel piyasalarda i\u015flem yapabilirler.\n\n<\/div>\n<\/div>\n<\/div>\n<div class=\"card\">\n<div class=\"card-header\" id=\"faq-accordion-heading--262804\">\n<h3 class=\"card-header__title\">\n\t\t\t\t\t\t\t\t\t\t\t\t\t<button class=\"btn btn-link collapsed\" type=\"button\" data-toggle=\"collapse\" data-target=\"#faq-collapse--262804\" aria-expanded=\"false\" aria-controls=\"faq-collapse--262804\">\n<span class=\"btn__text\">Yeni ba\u015flayanlar olarak endeks ticaretini nas\u0131l \u00f6\u011frenebilirim?<\/span>\n<span class=\"btn__icon\">\n<svg class=\"icon icon-plus\" xmlns:xlink=\"http:\/\/www.w3.org\/1999\/xlink\">\n<\/br>\n\t\t\t\t\t\t\t\t\t\t\t\t\t\t\t\t<use xlink:href=\"#icon-plus-academy-faq-acardion\"><\/use>\n<\/br>\n\t\t\t\t\t\t\t\t\t\t\t\t\t\t\t<\/svg>\n<svg class=\"icon icon-minus\" xmlns:xlink=\"http:\/\/www.w3.org\/1999\/xlink\">\n<\/br>\n\t\t\t\t\t\t\t\t\t\t\t\t\t\t\t\t<use xlink:href=\"#icon-minus-academy-faq-acardion\"><\/use>\n<\/br>\n\t\t\t\t\t\t\t\t\t\t\t\t\t\t\t<\/svg>\n<\/span>\n<\/button><\/h3>\n<\/div>\n<div class=\"collapse\" id=\"faq-collapse--262804\" aria-labelledby=\"faq-accordion-heading--262804\" data-parent=\"#faq-accordion\" style=\"\">\n<div class=\"card-body\">\n\nZFX olarak, her t\u00fcrl\u00fc yat\u0131r\u0131mc\u0131ya yard\u0131mc\u0131 olmak i\u00e7in bilgilendirici ve e\u011fitici kaynaklar sa\u011flamaktay\u0131z.\n\nYat\u0131r\u0131mc\u0131 olarak ilk tecr\u00fcbeniz ise, demo hesab\u0131m\u0131zdan <a href=\"\/tr\/hesaplar\/\">yararlanabilirsiniz<\/a>, bu da CFD ticaretinizi \u00fccretsiz olarak yapman\u0131z\u0131 sa\u011flar.\n\nArt\u0131 olarak, CFD \u00fcr\u00fcnlerde deneyimli yat\u0131r\u0131mc\u0131lar\u0131n bile yararlanabilece\u011fi de\u011ferli k\u0131lavuzlar ve ipu\u00e7lar\u0131 sunuyoruz.\n\n\u0130\u015flem platformumuz son teknoloji \u00fcr\u00fcn\u00fcd\u00fcr ve t\u00fcm teknik analizlerinizde size yard\u0131mc\u0131 olmak i\u00e7in geli\u015fmi\u015f analitik ara\u00e7lar ve g\u00f6stergeler ve kapsaml\u0131 ifadeler ve raporlama ile birlikte gelir. Bu, i\u015flem yaparken endeksleri \u00f6\u011frenmeye devam edebilece\u011fin anlam\u0131na gelir.\n\n<\/div>\n<\/div>\n<\/div>\n<div class=\"card\">\n<div class=\"card-header\" id=\"faq-accordion-heading--262803\">\n<h3 class=\"card-header__title\">\n\t\t\t\t\t\t\t\t\t\t\t\t\t<button class=\"btn btn-link collapsed\" type=\"button\" data-toggle=\"collapse\" data-target=\"#faq-collapse--262803\" aria-expanded=\"false\" aria-controls=\"faq-collapse--262803\">\n<span class=\"btn__text\">Hisse senedi endekslerinin i\u015flem saatleri nedir?<\/span>\n<span class=\"btn__icon\">\n<svg class=\"icon icon-plus\" xmlns:xlink=\"http:\/\/www.w3.org\/1999\/xlink\">\n<\/br>\n\t\t\t\t\t\t\t\t\t\t\t\t\t\t\t\t<use xlink:href=\"#icon-plus-academy-faq-acardion\"><\/use>\n<\/br>\n\t\t\t\t\t\t\t\t\t\t\t\t\t\t\t<\/svg>\n<svg class=\"icon icon-minus\" xmlns:xlink=\"http:\/\/www.w3.org\/1999\/xlink\">\n<\/br>\n\t\t\t\t\t\t\t\t\t\t\t\t\t\t\t\t<use xlink:href=\"#icon-minus-academy-faq-acardion\"><\/use>\n<\/br>\n\t\t\t\t\t\t\t\t\t\t\t\t\t\t\t<\/svg>\n<\/span>\n<\/button><\/h3>\n<\/div>\n<div class=\"collapse\" id=\"faq-collapse--262803\" aria-labelledby=\"faq-accordion-heading--262803\" data-parent=\"#faq-accordion\" style=\"\">\n<div class=\"card-body\">\n\nBorsa, hisse senetlerinin g\u00fcn boyunca i\u015flem g\u00f6rd\u00fc\u011f\u00fc bir pazar yeridir. New York, Londra, Frankfurt, \u015eangay ve Tokyo da dahil olmak \u00fczere t\u00fcm k\u00fcresel ba\u015fkentlerde bulunurlar, bu da farkl\u0131 saat dilimlerinde \u00e7al\u0131\u015ft\u0131klar\u0131 anlam\u0131na gelir.\n\n\u0130\u015flem genellikle her haftan\u0131n Pazartesi\u2019sinden Cuma g\u00fcn\u00fcne kadar ger\u00e7ekle\u015ftirilir, piyasalar hafta sonlar\u0131 ve ulusal tatillerde kapan\u0131r (konumdan konuma de\u011fi\u015fir). A\u00e7\u0131l\u0131\u015f ve kapan\u0131\u015f saatleri b\u00f6lgeden b\u00f6lgeye biraz farkl\u0131l\u0131k g\u00f6sterir, ancak pazarlar genellikle yerel saatle 09:30 civar\u0131nda a\u00e7\u0131l\u0131r ve 16:30\u2019da kapan\u0131r.\n\n<\/div>\n<\/div>\n<\/div>\n<div class=\"card\">\n<div class=\"card-header\" id=\"faq-accordion-heading--262801\">\n<h3 class=\"card-header__title\">\n\t\t\t\t\t\t\t\t\t\t\t\t\t<button class=\"btn btn-link collapsed\" type=\"button\" data-toggle=\"collapse\" data-target=\"#faq-collapse--262801\" aria-expanded=\"false\" aria-controls=\"faq-collapse--262801\">\n<span class=\"btn__text\">En \u00e7ok i\u015flem g\u00f6ren hisse senedi endekleri nelerdir?<\/span>\n<span class=\"btn__icon\">\n<svg class=\"icon icon-plus\" xmlns:xlink=\"http:\/\/www.w3.org\/1999\/xlink\">\n<\/br>\n\t\t\t\t\t\t\t\t\t\t\t\t\t\t\t\t<use xlink:href=\"#icon-plus-academy-faq-acardion\"><\/use>\n<\/br>\n\t\t\t\t\t\t\t\t\t\t\t\t\t\t\t<\/svg>\n<svg class=\"icon icon-minus\" xmlns:xlink=\"http:\/\/www.w3.org\/1999\/xlink\">\n<\/br>\n\t\t\t\t\t\t\t\t\t\t\t\t\t\t\t\t<use xlink:href=\"#icon-minus-academy-faq-acardion\"><\/use>\n<\/br>\n\t\t\t\t\t\t\t\t\t\t\t\t\t\t\t<\/svg>\n<\/span>\n<\/button><\/h3>\n<\/div>\n<div class=\"collapse\" id=\"faq-collapse--262801\" aria-labelledby=\"faq-accordion-heading--262801\" data-parent=\"#faq-accordion\" style=\"\">\n<div class=\"card-body\">\n\nEn pop\u00fcler hisse senedi endeksleri nelerdir a\u015fa\u011f\u0131da bunlara de\u011finelim.\n\n\u0130lk olarak, Amerkan Borsas\u0131 olan Standard&amp;Poor\u2019s \u00f6rnek verebiliriz. (S&amp;P 500 olarak adland\u0131r\u0131l\u0131r). Bu, New York Menkul K\u0131ymetler Borsas\u0131 (NYSE) veya NASDAQ\u2019da listelenen en b\u00fcy\u00fck 500 \u015firketin piyasa de\u011ferine dayanan bir Amerikan borsa endeksidir. S&amp;P 500 \u00e7ok \u00e7e\u015fitlidir ve di\u011fer ABD endekslerinden daha fazla bile\u015fen i\u00e7erir. Amerikan hisse senedi piyasalar\u0131n\u0131n toplam de\u011ferinin yakla\u015f\u0131k% 80\u2019ini temsil eder.\n\n\u0130kinci olarak <strong>Dow Jones 30<\/strong> , New York Menkul K\u0131ymetler Borsas\u0131\u2019nda i\u015flem g\u00f6ren d\u00fcnyan\u0131n en b\u00fcy\u00fck 30 \u015firketinin hisse senetlerinden olu\u015fan bir endekstir. Dow Jones endeksinde yer alan ba\u015fl\u0131ca hisse senetlerini \u015f\u00f6yle s\u0131ralayabiliriz; Microsoft, JP Morgan, Citigroup, IBM, MC Donalds, Verizon, WalMart, Visa ve Nike.\n\nBir di\u011fer pop\u00fcler endeks ise <strong>FTSE 100<\/strong>\u2018d\u00fcr. Resmi olarak Footsie 100 olarak bilinen FTSE 100 Endeksi, Londra Menkul K\u0131ymetler Borsas\u0131\u2019na dayanan ve yayg\u0131n olarak kullan\u0131lan bir borsa endeksidir. \u00c7ok \u00e7e\u015fitli end\u00fcstrileri kapsayan FTSE 100 Endeksi, \u0130ngiltere\u2019deki en b\u00fcy\u00fck 100 \u015firketten olu\u015fur ve ABD\u2019deki Dow Jones Industrial Average gibi di\u011fer pop\u00fcler borsa endekslerine benzer i\u015flevler sunar.\n\n<strong>NASDAQ 100<\/strong>, 1971 y\u0131l\u0131nda kurulan Nasdaq borsas\u0131, d\u00fcnyada en \u00e7ok i\u015flem g\u00f6ren borsalar aras\u0131nda ikinci s\u0131rada yer al\u0131r. Tam elektronik borsa olma \u00f6zelli\u011fi ta\u015f\u0131yan Nasdaq borsas\u0131nda t\u00fcm i\u015flemlerinizi elektronik sistem \u00fczerinden yapabilirsiniz. Nasdaq borsas\u0131n\u0131n en \u00f6nemli \u00f6zelliklerinden biri d\u00fcnya \u00e7ap\u0131nda b\u00fcy\u00fck ya da k\u00fc\u00e7\u00fck \u00f6l\u00e7ekli \u00e7ok say\u0131da teknoloji \u015firketinin hisse senedinin burada i\u015flem g\u00f6r\u00fcyor olmas\u0131d\u0131r.\n\nSon olarak <strong>DAX<\/strong>, Almanya\u2019n\u0131n en \u00f6nemli hisse senedi endeksidir. En b\u00fcy\u00fck otuz \u015firketi i\u00e7erir. Alman Borsas\u0131\u2019n\u0131n en \u00f6nemli endeksidir ve Avrupa\u2019n\u0131n en b\u00fcy\u00fck ikinci borsas\u0131d\u0131r.\n\n<\/div>\n<\/div>\n<\/div>\n<div class=\"card\">\n<div class=\"card-header\" id=\"faq-accordion-heading--262802\">\n<h3 class=\"card-header__title\">\n\t\t\t\t\t\t\t\t\t\t\t\t\t<button class=\"btn btn-link collapsed\" type=\"button\" data-toggle=\"collapse\" data-target=\"#faq-collapse--262802\" aria-expanded=\"false\" aria-controls=\"faq-collapse--262802\">\n<span class=\"btn__text\">ZFX ile endeks al\u0131m sat\u0131m\u0131na nas\u0131l ba\u015flayabilirim?<\/span>\n<span class=\"btn__icon\">\n<svg class=\"icon icon-plus\" xmlns:xlink=\"http:\/\/www.w3.org\/1999\/xlink\">\n<\/br>\n\t\t\t\t\t\t\t\t\t\t\t\t\t\t\t\t<use xlink:href=\"#icon-plus-academy-faq-acardion\"><\/use>\n<\/br>\n\t\t\t\t\t\t\t\t\t\t\t\t\t\t\t<\/svg>\n<svg class=\"icon icon-minus\" xmlns:xlink=\"http:\/\/www.w3.org\/1999\/xlink\">\n<\/br>\n\t\t\t\t\t\t\t\t\t\t\t\t\t\t\t\t<use xlink:href=\"#icon-minus-academy-faq-acardion\"><\/use>\n<\/br>\n\t\t\t\t\t\t\t\t\t\t\t\t\t\t\t<\/svg>\n<\/span>\n<\/button><\/h3>\n<\/div>\n<div class=\"collapse\" id=\"faq-collapse--262802\" aria-labelledby=\"faq-accordion-heading--262802\" data-parent=\"#faq-accordion\" style=\"\">\n<div class=\"card-body\">\n\nZFX ile hesap a\u00e7mak olduk\u00e7a basittir.\n\n\u0130lk olarak, ZFX \u00fczerinden <a href=\"\/tr\/hesaplar\/\">ger\u00e7ek bir hesap a\u00e7ma<\/a>n\u0131z gerekir. Bunu \u00e7evrimi\u00e7i yapabilirsiniz ve i\u015flem yaln\u0131zca birka\u00e7 dakika s\u00fcrer.\n\nKi\u015fisel bilgilerinizi ekledikten ve kimli\u011finizi do\u011frulad\u0131ktan sonra, i\u015fleme ba\u015flamak i\u00e7in bir miktar para yat\u0131rman\u0131z gerekir. Minimum depozito, se\u00e7ti\u011finiz hesaba g\u00f6re de\u011fi\u015fir (Mini Trading hesab\u0131 i\u00e7in minimum 50$).\n\nHesab\u0131n\u0131za ba\u015far\u0131l\u0131 bir \u015fekilde sermaye ekledikten sonra, i\u015flem yapmaya haz\u0131rs\u0131n\u0131z! Basit\u00e7e ZFX platformunu indirin ve Forex piyasas\u0131na ba\u015flay\u0131n.\n\n<\/div>\n<\/div>\n<\/div>\n<div class=\"card\">\n<div class=\"card-header\" id=\"faq-accordion-heading--262800\">\n<h3 class=\"card-header__title\">\n\t\t\t\t\t\t\t\t\t\t\t\t\t<button class=\"btn btn-link collapsed\" type=\"button\" data-toggle=\"collapse\" data-target=\"#faq-collapse--262800\" aria-expanded=\"false\" aria-controls=\"faq-collapse--262800\">\n<span class=\"btn__text\">CFD \u00fcr\u00fcnler nas\u0131l \u00e7al\u0131\u015f\u0131r?<\/span>\n<span class=\"btn__icon\">\n<svg class=\"icon icon-plus\" xmlns:xlink=\"http:\/\/www.w3.org\/1999\/xlink\">\n<\/br>\n\t\t\t\t\t\t\t\t\t\t\t\t\t\t\t\t<use xlink:href=\"#icon-plus-academy-faq-acardion\"><\/use>\n<\/br>\n\t\t\t\t\t\t\t\t\t\t\t\t\t\t\t<\/svg>\n<svg class=\"icon icon-minus\" xmlns:xlink=\"http:\/\/www.w3.org\/1999\/xlink\">\n<\/br>\n\t\t\t\t\t\t\t\t\t\t\t\t\t\t\t\t<use xlink:href=\"#icon-minus-academy-faq-acardion\"><\/use>\n<\/br>\n\t\t\t\t\t\t\t\t\t\t\t\t\t\t\t<\/svg>\n<\/span>\n<\/button><\/h3>\n<\/div>\n<div class=\"collapse\" id=\"faq-collapse--262800\" aria-labelledby=\"faq-accordion-heading--262800\" data-parent=\"#faq-accordion\" style=\"\">\n<div class=\"card-body\">\n\nCFD, Fark S\u00f6zle\u015fmesidir. Piyasadaki gelecekteki de\u011fi\u015fiklikler hakk\u0131nda spek\u00fclasyon yapman\u0131z\u0131 sa\u011flayan finansal bir \u00fcr\u00fcnd\u00fcr. Bir hisse senedi endeksi k\u00fcresel hisse senedi piyasalar\u0131n\u0131n performans\u0131n\u0131 g\u00f6steren bir de\u011fi\u015fkendir. Bu nedenle, CFD\u2019lerle endeks i\u015flem yapt\u0131\u011f\u0131n\u0131zda, bir endeksin fiyat\u0131ndaki fark\u0131 bir zaman diliminden di\u011ferine de\u011fi\u015ftirmeyi kabul edersiniz. Bu, i\u015flem yapan ki\u015filere potansiyel olarak b\u00fcy\u00fck bir marj avantaj\u0131 sa\u011flar.\n\nAna dizinlerle, bu marj genellikle endeksin de\u011ferinin yakla\u015f\u0131k% 1 ila 3\u2019\u00fcnde durur. %1\u2019lik bir marjla, bir endeks CFD\u2019sinde 100.000 $ \u2018dan yararlanmak i\u00e7in sadece 1.000 $ nakde ihtiyac\u0131n\u0131z olacakt\u0131r. CFD\u2019ler yat\u0131r\u0131mc\u0131lar i\u00e7in bu kadar \u00e7ekici k\u0131lan budur. Kendinizi tek bir \u015firkete yat\u0131r\u0131m yapma risklerine maruz b\u0131rakmak zorunda kalmadan sermayenizi daha da y\u00fckseltebilirsiniz.\n\n<\/div>\n<\/div>\n<\/div>\n<div class=\"card\">\n<div class=\"card-header\" id=\"faq-accordion-heading--262799\">\n<h3 class=\"card-header__title\">\n\t\t\t\t\t\t\t\t\t\t\t\t\t<button class=\"btn btn-link collapsed\" type=\"button\" data-toggle=\"collapse\" data-target=\"#faq-collapse--262799\" aria-expanded=\"false\" aria-controls=\"faq-collapse--262799\">\n<span class=\"btn__text\">Endeks CFD\u2019si nedir?<\/span>\n<span class=\"btn__icon\">\n<svg class=\"icon icon-plus\" xmlns:xlink=\"http:\/\/www.w3.org\/1999\/xlink\">\n<\/br>\n\t\t\t\t\t\t\t\t\t\t\t\t\t\t\t\t<use xlink:href=\"#icon-plus-academy-faq-acardion\"><\/use>\n<\/br>\n\t\t\t\t\t\t\t\t\t\t\t\t\t\t\t<\/svg>\n<svg class=\"icon icon-minus\" xmlns:xlink=\"http:\/\/www.w3.org\/1999\/xlink\">\n<\/br>\n\t\t\t\t\t\t\t\t\t\t\t\t\t\t\t\t<use xlink:href=\"#icon-minus-academy-faq-acardion\"><\/use>\n<\/br>\n\t\t\t\t\t\t\t\t\t\t\t\t\t\t\t<\/svg>\n<\/span>\n<\/button><\/h3>\n<\/div>\n<div class=\"collapse\" id=\"faq-collapse--262799\" aria-labelledby=\"faq-accordion-heading--262799\" data-parent=\"#faq-accordion\" style=\"\">\n<div class=\"card-body\">\n\nHisse senedi endeksi (veya \u00e7o\u011ful endeksler), hisse senedi piyasalar\u0131n\u0131n genel performans\u0131n\u0131n bir barometresidir. Kabaca konu\u015fursak, bir endeks yat\u0131r\u0131mc\u0131lar\u0131n piyasan\u0131n hareket \u015feklini anlamalar\u0131na ve gelecek i\u00e7in tahminlerde bulunmalar\u0131na yard\u0131mc\u0131 olur.\n\nHisse senedi endeksleri \u00fczerinde spek\u00fclasyon yapmak i\u00e7in CFD (Fark S\u00f6zle\u015fmesi) kullanabilirsiniz. CFD pozisyonu al\u0131rken, bir t\u00fcccar esasen bir endeksin fiyat\u0131ndaki fark\u0131 bir zaman diliminden di\u011ferine de\u011fi\u015ftirmeyi kabul ediyor. Ticaret endeksi CFD\u2019leri son derece pop\u00fclerdir. D\u00fcnyadaki t\u00fcm \u00f6nemli endeksler i\u00e7in kullan\u0131labilirler, bu da yat\u0131r\u0131mc\u0131lar\u0131n nerede olurlarsa olsunlar d\u00fcnya pazarlar\u0131na kat\u0131lmalar\u0131n\u0131 sa\u011flar.\n\n<\/div>\n<\/div>\n<\/div>\n<div class=\"card\">\n<div class=\"card-header\" id=\"faq-accordion-heading--262794\">\n<h3 class=\"card-header__title\">\n\t\t\t\t\t\t\t\t\t\t\t\t\t<button class=\"btn btn-link collapsed\" type=\"button\" data-toggle=\"collapse\" data-target=\"#faq-collapse--262794\" aria-expanded=\"false\" aria-controls=\"faq-collapse--262794\">\n<span class=\"btn__text\">\u0130\u015flem endeksi CFD\u2019lerinin avantajlar\u0131 nelerdir?<\/span>\n<span class=\"btn__icon\">\n<svg class=\"icon icon-plus\" xmlns:xlink=\"http:\/\/www.w3.org\/1999\/xlink\">\n<\/br>\n\t\t\t\t\t\t\t\t\t\t\t\t\t\t\t\t<use xlink:href=\"#icon-plus-academy-faq-acardion\"><\/use>\n<\/br>\n\t\t\t\t\t\t\t\t\t\t\t\t\t\t\t<\/svg>\n<svg class=\"icon icon-minus\" xmlns:xlink=\"http:\/\/www.w3.org\/1999\/xlink\">\n<\/br>\n\t\t\t\t\t\t\t\t\t\t\t\t\t\t\t\t<use xlink:href=\"#icon-minus-academy-faq-acardion\"><\/use>\n<\/br>\n\t\t\t\t\t\t\t\t\t\t\t\t\t\t\t<\/svg>\n<\/span>\n<\/button><\/h3>\n<\/div>\n<div class=\"collapse\" id=\"faq-collapse--262794\" aria-labelledby=\"faq-accordion-heading--262794\" data-parent=\"#faq-accordion\" style=\"\">\n<div class=\"card-body\">\n\n<strong>\u00d6nemli k\u00fcresel piyasalar\u0131 takip ettikleri i\u00e7in ticaret d\u00fcnyas\u0131na harika bir giri\u015f noktas\u0131\n<\/strong>Endeksi CFD\u2019leri ticarete harika bir giri\u015f noktas\u0131d\u0131r.\n\n<strong>Endeks CFD\u2019leri ile<\/strong>\nbireysel hisse al\u0131m sat\u0131m\u0131ndan daha az risk, riskinizi tek bir \u015firket yerine t\u00fcm pazara yay\u0131yorsunuz.\n\n<strong>Sermayenizin daha da ileri gitmesini<\/strong>\nCFD ile b\u00fcy\u00fck bir getiriden yararlanmak i\u00e7in sadece k\u00fc\u00e7\u00fck bir mebla\u011f gerekir, yani sermayeniz daha da ileri gider.\n\n<\/div>\n<\/div>\n<\/div>\n<\/div>\n<\/div>\n<\/div>\n<\/main><\/div>\n<\/div>","protected":false},"excerpt":{"rendered":"Endeks Ticareti Hisse senedi endeksleri hisse senedi piyasalar\u0131n\u0131n fiyat performans\u0131n\u0131 \u00f6l\u00e7t\u00fc. CFD\u2019leri t\u0131pk\u0131 bireysel hisseler gibi b\u00fcy\u00fck k\u00fcresel endekslerde al\u0131p satabilirsiniz. ZFX ile d\u00fcnyan\u0131n en b\u00fcy\u00fck finansal borsalar\u0131nda hisse senedi piyasalar\u0131ndaki geni\u015f hamlelerden yararlanabilirsiniz. Trading hisse senedi endeksi CFD\u2019leri, sermayenizin daha da ileri gitti\u011fi anlam\u0131na gelen k\u00fc\u00e7\u00fck bir mebla\u011f ile b\u00fcy\u00fck bir getiriden yararlanman\u0131za olanak [&hellip;]","protected":false},"author":100,"featured_media":0,"parent":263356,"menu_order":0,"comment_status":"closed","ping_status":"closed","template":"","meta":{"_acf_changed":false,"footnotes":""},"class_list":["post-276533","page","type-page","status-publish","hentry"],"acf":[],"_links":{"self":[{"href":"https:\/\/www.tr-zfx.com\/tr\/wp-json\/wp\/v2\/pages\/276533","targetHints":{"allow":["GET"]}}],"collection":[{"href":"https:\/\/www.tr-zfx.com\/tr\/wp-json\/wp\/v2\/pages"}],"about":[{"href":"https:\/\/www.tr-zfx.com\/tr\/wp-json\/wp\/v2\/types\/page"}],"author":[{"embeddable":true,"href":"https:\/\/www.tr-zfx.com\/tr\/wp-json\/wp\/v2\/users\/100"}],"replies":[{"embeddable":true,"href":"https:\/\/www.tr-zfx.com\/tr\/wp-json\/wp\/v2\/comments?post=276533"}],"version-history":[{"count":0,"href":"https:\/\/www.tr-zfx.com\/tr\/wp-json\/wp\/v2\/pages\/276533\/revisions"}],"up":[{"embeddable":true,"href":"https:\/\/www.tr-zfx.com\/tr\/wp-json\/wp\/v2\/pages\/263356"}],"wp:attachment":[{"href":"https:\/\/www.tr-zfx.com\/tr\/wp-json\/wp\/v2\/media?parent=276533"}],"curies":[{"name":"wp","href":"https:\/\/api.w.org\/{rel}","templated":true}]}}