{"id":265665,"date":"2021-10-25T08:28:08","date_gmt":"2021-10-25T08:28:08","guid":{"rendered":"https:\/\/www.zfx.com\/gizlilik-politikasi\/"},"modified":"2026-04-22T18:59:40","modified_gmt":"2026-04-22T18:59:40","slug":"gizlilik-politikasi","status":"publish","type":"page","link":"https:\/\/www.tr-zfx.com\/tr\/gizlilik-politikasi\/","title":{"rendered":"Gizlilik Politikas\u0131"},"content":{"rendered":"\n<h1 class=\"wp-block-heading\" id=\"h-gizlilik-politikasi\">Gizlilik Politikas\u0131<\/h1>\n\n\n\n<p>Zeal Capital Market (Seychelles) Limited, ba\u011fl\u0131 kurulu\u015flar\u0131 ve i\u015ftirakleri (bundan b\u00f6yle &#8220;<strong>Zeal<\/strong>&#8220;) kamuya a\u00e7\u0131k olmayan bilgileri (bundan b\u00f6yle &#8220;<strong>Veri<\/strong>&#8220;) sizden al\u0131nan bilgileri gizli bir \u015fekilde saklamay\u0131, i\u015flemeyi ve kullanmay\u0131 taahh\u00fct eder.<\/p>\n\n\n\n<p><strong>Bu Ki\u015fisel Veri Toplama Bildirimi<\/strong> (bundan b\u00f6yle &#8220;<strong>Bildirim<\/strong>&#8220;) a\u015fa\u011f\u0131dakileri dikkatinize sunmak i\u00e7indir:<\/p>\n\n\n\n<ol start=\"1\" class=\"wp-block-list\">\n<li>Zeal taraf\u0131ndan toplanan ve i\u015flenen Veri t\u00fcr\u00fc;<\/li>\n\n\n\n<li>Zeal&#8217;\u0131n Veriyi nas\u0131l kulland\u0131\u011f\u0131;<\/li>\n\n\n\n<li>Verinin A\u00e7\u0131klanmas\u0131;<\/li>\n\n\n\n<li>Veri kay\u0131t tutma \u015fekli; ve<\/li>\n\n\n\n<li>Veriye eri\u015fim hakk\u0131n\u0131z veya Zeal&#8217;\u0131n Veriye eri\u015fim hakk\u0131n\u0131 s\u0131n\u0131rlama hakk\u0131n\u0131z.<\/li>\n<\/ol>\n\n\n\n<div class=\"wp-block-group\"><div class=\"wp-block-group__inner-container is-layout-constrained wp-block-group-is-layout-constrained\">\n<h3 class=\"wp-block-heading\" id=\"h-zeal-tarafindan-toplanan-ve-islenen-veri-turu\">Zeal Taraf\u0131ndan Toplanan ve \u0130\u015flenen Veri T\u00fcr\u00fc<\/h3>\n\n\n\n<p>Zeal size herhangi bir hizmet sunmadan \u00f6nce, a\u015fa\u011f\u0131daki Verileri sizden toplayabilir:<\/p>\n\n\n\n<ol start=\"1\" class=\"wp-block-list\">\n<li>\u0130sim;<\/li>\n\n\n\n<li>Kimlik kart\u0131 numaras\u0131 veya pasaport numaras\u0131;<\/li>\n\n\n\n<li>Do\u011fum tarihi;<\/li>\n\n\n\n<li>Vergi Kimlik Numaras\u0131;<\/li>\n\n\n\n<li>Vatanda\u015fl\u0131k;<\/li>\n\n\n\n<li>Cinsiyet;<\/li>\n\n\n\n<li>Adres;<\/li>\n\n\n\n<li>Medeni durum;<\/li>\n\n\n\n<li>Meslek;<\/li>\n\n\n\n<li>Ki\u015fisel ileti\u015fim numaras\u0131;<\/li>\n\n\n\n<li>\u015eirket kay\u0131t bilgileri;<\/li>\n\n\n\n<li>\u015eirket web sitesi\/siteleri;<\/li>\n\n\n\n<li>E-posta adresi;<\/li>\n\n\n\n<li>Ki\u015fisel\/Ticari banka hesap bilgileri;<\/li>\n\n\n\n<li>Toplam y\u0131ll\u0131k gelir;<\/li>\n\n\n\n<li>Para birimleri, menkul k\u0131ymetler, opsiyonlar, emtialar, vadeli i\u015flemler ve\/veya PTC k\u00fcl\u00e7e veya OTC d\u00f6viz ticareti konusunda deneyim;<\/li>\n\n\n\n<li>Gelir kan\u0131t\u0131\/Fon veya servetin kayna\u011f\u0131;<\/li>\n\n\n\n<li>Vergi ikametgah \u00fclkesi;<\/li>\n\n\n\n<li>Gayrimenkul sat\u0131\u015f belgesi\/belgeleri;<\/li>\n\n\n\n<li>Yat\u0131r\u0131m kazanc\u0131 belgesi\/belgeleri;<\/li>\n\n\n\n<li>Miras belgesi\/belgeleri;<\/li>\n\n\n\n<li>\u015eirket sat\u0131\u015f belgesi\/belgeleri;<\/li>\n\n\n\n<li>Bo\u015fanma anla\u015fmas\u0131 belgesi\/belgeleri; ve\/veya<\/li>\n\n\n\n<li>Piyango veya kumar kazan\u00e7 makbuzu\/makbuzlar\u0131.<\/li>\n\n\n\n<li>Web sitemize veya ticaret platformlar\u0131m\u0131za eri\u015fti\u011finizde toplanan IP adresleri, cihaz tan\u0131mlay\u0131c\u0131lar\u0131, taray\u0131c\u0131 t\u00fcrleri ve \u00e7erez verileri dahil olmak \u00fczere teknik veriler.<\/li>\n<\/ol>\n\n\n\n<p>Zeal&#8217;\u0131n hizmetlerinin t\u00fcm avantajlar\u0131ndan yararlanman\u0131z i\u00e7in, Zeal (ko\u015fullara ba\u011fl\u0131 olarak) Zeal&#8217;\u0131n hizmetlerini sa\u011flamak i\u00e7in hayati \u00f6nem ta\u015f\u0131yabilecek ba\u015fka Veriler de toplayabilir.<\/p>\n<\/div><\/div>\n\n\n\n<div class=\"wp-block-group\"><div class=\"wp-block-group__inner-container is-layout-constrained wp-block-group-is-layout-constrained\">\n<h3 class=\"wp-block-heading\" id=\"h-zeal-in-veriyi-nasil-kullandigi\">Zeal&#8217;\u0131n Veriyi Nas\u0131l Kulland\u0131\u011f\u0131<\/h3>\n\n\n\n<p>Zeal, hakk\u0131n\u0131zda tutulan bilgileri yaln\u0131zca a\u015fa\u011f\u0131daki \u015fekillerde kullan\u0131r:<\/p>\n\n\n\n<ol start=\"1\" class=\"wp-block-list\">\n<li>&nbsp;Zeal&#8217;dan talep etti\u011finiz \u00fcr\u00fcn ve hizmetleri size sa\u011flamak i\u00e7in veya ileti\u015fime ge\u00e7ilmesine onay verdi\u011finiz durumlarda, Zeal&#8217;\u0131n sizin i\u00e7in ilgi \u00e7ekici olabilece\u011fini d\u00fc\u015f\u00fcnd\u00fc\u011f\u00fc \u00fcr\u00fcn ve hizmetler i\u00e7in;&nbsp;<\/li>\n\n\n\n<li>&nbsp;Size sa\u011flanan \u00fcr\u00fcn ve hizmetleri y\u00f6netmek ve idare etmek;&nbsp;<\/li>\n\n\n\n<li>&nbsp;Sizi m\u00fc\u015fteri olarak Zeal&#8217;\u0131n hizmetlerindeki de\u011fi\u015fiklikler ve ilgili konularla ilgili g\u00fcncel tutmak;&nbsp;<\/li>\n\n\n\n<li>Sizinle Zeal aras\u0131nda yap\u0131lan herhangi bir s\u00f6zle\u015fmeden do\u011fan Zeal&#8217;\u0131n y\u00fck\u00fcml\u00fcl\u00fcklerini yerine getirmek i\u00e7in.<\/li>\n<\/ol>\n<\/div><\/div>\n\n\n\n<div class=\"wp-block-group\"><div class=\"wp-block-group__inner-container is-layout-constrained wp-block-group-is-layout-constrained\">\n<h3 class=\"wp-block-heading\" id=\"h-verinin-aciklanmasi\">Verinin A\u00e7\u0131klanmas\u0131<\/h3>\n\n\n\n<p>\u0130lgili \u00fcr\u00fcn ve hizmetlere ve hassas veriler \u00fczerindeki ilgili k\u0131s\u0131tlamalara ba\u011fl\u0131 olarak,&nbsp;Veri a\u015fa\u011f\u0131dakilere a\u00e7\u0131klanabilir:<\/p>\n\n\n\n<ol start=\"1\" class=\"wp-block-list\">\n<li>Zeal grubunun \u00fcyesi;&nbsp;<\/li>\n\n\n\n<li>Zeal&#8217;\u0131n potansiyel halefleri;&nbsp;<\/li>\n\n\n\n<li>Zeal&#8217;a hizmet sa\u011flarken Veriye eri\u015febilecek \u00fc\u00e7\u00fcnc\u00fc taraf dan\u0131\u015fmanlar, y\u00fckleniciler veya di\u011fer hizmet sa\u011flay\u0131c\u0131lar, bunlarla s\u0131n\u0131rl\u0131 olmamak \u00fczere:<\/li>\n\n\n\n<li><strong>SumSub<\/strong>, uzaktan kimlik do\u011frulama, doland\u0131r\u0131c\u0131l\u0131\u011f\u0131n \u00f6nlenmesi, kara para aklama ve ter\u00f6r\u00fcn finansman\u0131yla m\u00fccadele yasalar\u0131n\u0131n ve d\u00fczenlemelerinin uygulanmas\u0131, i\u00e7 risk y\u00f6netimi ve durum tespiti prosed\u00fcrleri amac\u0131yla bir do\u011frulama platformu;<\/li>\n\n\n\n<li><strong>Acuity<\/strong>, ger\u00e7ek zamanl\u0131 ekonomik etkinlik bilgilerini sunmak i\u00e7in k\u00fcresel bir ekonomik takvim hizmeti sa\u011flay\u0131c\u0131s\u0131;<\/li>\n\n\n\n<li><strong>Zotapay<\/strong>, \u00f6deme i\u015fleme \u00e7\u00f6z\u00fcmlerini kolayla\u015ft\u0131rmak i\u00e7in bir \u00f6deme a\u011f ge\u00e7idi hizmeti sa\u011flay\u0131c\u0131s\u0131;<\/li>\n\n\n\n<li><strong>GlobalDots<\/strong>, \u015firketin teknoloji altyap\u0131s\u0131n\u0131 ve hizmetlerini desteklemek i\u00e7in bir BT \u00e7\u00f6z\u00fcmleri sa\u011flay\u0131c\u0131s\u0131;<\/li>\n\n\n\n<li><strong>Etech<\/strong>, \u00f6deme i\u015fleme \u00e7\u00f6z\u00fcmlerini etkinle\u015ftirmek i\u00e7in bir \u00f6deme a\u011f ge\u00e7idi hizmeti sa\u011flay\u0131c\u0131s\u0131; ve<\/li>\n\n\n\n<li><strong>Sentvia<\/strong>, \u00f6deme i\u015fleme faaliyetlerini desteklemek i\u00e7in bir \u00f6deme a\u011f ge\u00e7idi hizmeti sa\u011flay\u0131c\u0131s\u0131.<\/li>\n\n\n\n<li>Zeal&#8217;\u0131n kar\u015f\u0131l\u0131kl\u0131 ili\u015fkisi olan tan\u0131t\u0131c\u0131 brokerler (bunlardan herhangi biri Avrupa Ekonomik Alan\u0131 i\u00e7inde veya d\u0131\u015f\u0131nda olabilir);&nbsp;<\/li>\n\n\n\n<li>Mali dan\u0131\u015fman\u0131n\u0131z, brokeriniz, avukat\u0131n\u0131z veya muhasebeci dahil olmak \u00fczere, Zeal&#8217;dan bilgi sa\u011flamas\u0131n\u0131 talep etti\u011finiz, sizin ad\u0131n\u0131za hareket eden herhangi bir kurulu\u015f veya ki\u015fi;&nbsp;<\/li>\n\n\n\n<li>Talep etti\u011finiz bir i\u015flemi i\u015flemek veya hizmetleri sa\u011flamak i\u00e7in gerekli oldu\u011funda \u00fc\u00e7\u00fcnc\u00fc taraflar;&nbsp;<\/li>\n\n\n\n<li>Bir Ticaret Deposuna veya benzerine;&nbsp;<\/li>\n\n\n\n<li>Yasal ve d\u00fczenleyici taleplere yan\u0131t olarak kredi sa\u011flay\u0131c\u0131lar, mahkemeler, mahkemeler ve d\u00fczenleyici makamlar, ancak bunlarla s\u0131n\u0131rl\u0131 olmamak \u00fczere Veri Koruma Yasas\u0131 2023&#8217;\u00fcn B\u00f6l\u00fcm IV&#8217;\u00fc ve Finansal T\u00fcketici Koruma Yasas\u0131 2022&#8217;nin B\u00f6l\u00fcm 32&#8217;si taraf\u0131ndan kararla\u015ft\u0131r\u0131lan veya yetkilendirilen \u015fekilde;&nbsp;<\/li>\n\n\n\n<li>Zeal&#8217;\u0131n faaliyet g\u00f6sterdi\u011fi herhangi bir yarg\u0131 alan\u0131nda Zeal i\u015f ama\u00e7lar\u0131ndan herhangi birini denetleyen, yard\u0131mc\u0131 olan veya dan\u0131\u015fmanl\u0131k yapan denet\u00e7iler veya y\u00fckleniciler veya di\u011fer dan\u0131\u015fmanlar;&nbsp;<\/li>\n\n\n\n<li>Talebiniz \u00fczerine veya onay\u0131n\u0131zla.<\/li>\n\n\n\n<li>Zeal&#8217;\u0131n hizmetlerini kullanarak, Verinizin Sey\u015feller Cumhuriyeti d\u0131\u015f\u0131nda bulunan \u00fc\u00e7\u00fcnc\u00fc taraf hizmet sa\u011flay\u0131c\u0131lara, kimlik do\u011frulama kurumlar\u0131na ve \u00f6deme a\u011f ge\u00e7itlerine i\u015flenmesine, saklanmas\u0131na ve s\u0131n\u0131r \u00f6tesi aktar\u0131m\u0131na a\u00e7\u0131k\u00e7a onay vermi\u015f olursunuz. Zeal, t\u00fcm bu t\u00fcr uluslararas\u0131 transferlerin Veri Koruma Yasas\u0131, 2023 uyar\u0131nca yap\u0131lmas\u0131n\u0131 ve Verinizi korumak i\u00e7in uygun g\u00fcvenlik \u00f6nlemlerinin al\u0131nmas\u0131n\u0131 sa\u011flar.<\/li>\n<\/ol>\n<\/div><\/div>\n\n\n\n<div class=\"wp-block-group\"><div class=\"wp-block-group__inner-container is-layout-constrained wp-block-group-is-layout-constrained\">\n<h3 class=\"wp-block-heading\" id=\"h-veri-kayit-tutma-sekli-nbsp\">Veri Kay\u0131t Tutma \u015eekli&nbsp;<\/h3>\n\n\n\n<p>B\u00f6l\u00fcm 31 Finansal T\u00fcketici Koruma Yasas\u0131 2022 uyar\u0131nca, Zeal ki\u015fisel bilgileri g\u00fcvenli bilgisayar depolama tesisleri ve ka\u011f\u0131t tabanl\u0131&nbsp;dosyalar ile di\u011fer kay\u0131tlar\u0131n bir kombinasyonunda tutar ve al\u0131nan Verileri k\u00f6t\u00fcye kullan\u0131m, kay\u0131p,&nbsp;yetkisiz eri\u015fim, de\u011fi\u015ftirme veya yetkisiz if\u015fadan korumak i\u00e7in ad\u0131mlar atar.<\/p>\n\n\n\n<p>Zeal, bilgilere eri\u015fimi yaln\u0131zca s\u00f6zle\u015fmeden do\u011fan y\u00fck\u00fcml\u00fcl\u00fc\u011f\u00fcn yerine getirilmesini sa\u011flamak i\u00e7in bilgileri bilmesi gereken ilgili \u00e7al\u0131\u015fanlar veya ortaklarla&nbsp;s\u0131n\u0131rlar.<\/p>\n\n\n\n<p>Zeal&#8217;\u0131n Verileri nas\u0131l koruyaca\u011f\u0131 ve kullanaca\u011f\u0131 konusunda prosed\u00fcrleri vard\u0131r. Kara Para Aklaman\u0131n \u00d6nlenmesi ve Ter\u00f6r\u00fcn Finansman\u0131yla M\u00fccadele Yasas\u0131, 2020 uyar\u0131nca, Zeal yasal olarak kimlik ve i\u015flem kay\u0131tlar\u0131 dahil olmak \u00fczere Verinizi, i\u015f ili\u015fkimizin sona ermesinden sonra en az yedi (7) y\u0131l s\u00fcreyle saklamakla y\u00fck\u00fcml\u00fcd\u00fcr. Bu yasal saklama s\u00fcresi dolduktan sonra, Zeal Verinin art\u0131k gerekli olmad\u0131\u011f\u0131n\u0131 de\u011ferlendirirse, Zeal ayn\u0131s\u0131n\u0131 g\u00fcvenli bir \u015fekilde silecek veya anonimle\u015ftirecektir.<\/p>\n\n\n\n<p>Zeal Verinizi korumak i\u00e7in t\u00fcm kaynaklar\u0131 kullanmay\u0131 taahh\u00fct ederken, ancak&nbsp;internetin kullan\u0131m\u0131n\u0131n tamamen g\u00fcvenli olmad\u0131\u011f\u0131n\u0131 kabul etmelisiniz ve bu nedenle, Zeal&#8217;\u0131n makul kontrol\u00fc d\u0131\u015f\u0131nda olan Veri s\u0131z\u0131nt\u0131s\u0131 riskini anlad\u0131\u011f\u0131n\u0131z\u0131, kabul etti\u011finizi ve kabul etti\u011finizi anlamal\u0131s\u0131n\u0131z.<\/p>\n<\/div><\/div>\n\n\n\n<div class=\"wp-block-group\"><div class=\"wp-block-group__inner-container is-layout-constrained wp-block-group-is-layout-constrained\">\n<h3 class=\"wp-block-heading\" id=\"h-veriye-erisim-hakkiniz-veya-zeal-in-veriye-erisim-hakkini-sinirlama-hakkiniz\">Veriye Eri\u015fim Hakk\u0131n\u0131z veya Zeal&#8217;\u0131n Veriye Eri\u015fim Hakk\u0131n\u0131 S\u0131n\u0131rlama Hakk\u0131n\u0131z<\/h3>\n\n\n\n<p>Bu Bildirime uygun olarak Verinizin toplanmas\u0131, i\u015flenmesi ve kullan\u0131lmas\u0131na ili\u015fkin Zeal&#8217;\u0131n talebini reddetme hakk\u0131na sahipsiniz. Ayr\u0131ca Zeal&#8217;\u0131n m\u00fc\u015fteri hizmetleri ile&nbsp;<a href=\"mailto:cx@zfx.com\">cx@zfx.com<\/a> adresinden ileti\u015fime ge\u00e7erek Zeal&#8217;a verdi\u011finiz \u00f6nceki onay\u0131 istedi\u011finiz zaman iptal edebilirsiniz. Ancak, Verilerin toplanmas\u0131 ve kullan\u0131lmas\u0131na onay vermeyi reddederseniz, Zeal size hizmetleri sa\u011flayamayabilir.<\/p>\n\n\n\n<p>Ayr\u0131ca, Zeal&#8217;\u0131n hakk\u0131n\u0131zda sahip oldu\u011fu ki\u015fisel bilgilerin bir kopyas\u0131n\u0131 alma ve Veri Koruma Yasas\u0131 2023&#8217;\u00fcn B\u00f6l\u00fcm 28&#8217;ine tabi olarak alg\u0131lanan herhangi bir yanl\u0131\u015fl\u0131k konusunda Zeal&#8217;\u0131&nbsp;bilgilendirme hakk\u0131na sahipsiniz.<\/p>\n\n\n\n<p>Ayr\u0131ca unutulma hakk\u0131na, yani Zeal&#8217;dan sahip oldu\u011fu ki\u015fisel verilerinizden herhangi birini silmesini veya ba\u015fka \u015fekilde bertaraf etmesini isteme hakk\u0131na sahipsiniz, bu silme i\u015fleminin Zeal&#8217;\u0131n Sey\u015feller AML\/CFT mevzuat\u0131 kapsam\u0131ndaki yasal veri saklama y\u00fck\u00fcml\u00fcl\u00fckleriyle \u00e7eli\u015fmemesi ko\u015fuluyla.<\/p>\n\n\n\n<p>Ayr\u0131ca ki\u015fisel verilerinizin \u00fc\u00e7\u00fcnc\u00fc taraf kullan\u0131m\u0131 i\u00e7in a\u00e7\u0131klanmas\u0131na g\u00f6n\u00fcll\u00fc olarak izin vermek i\u00e7in bizimle ileti\u015fime ge\u00e7ebilirsiniz. Bu t\u00fcr durumlarda, a\u00e7\u0131klamaya devam etmeden \u00f6nce gerekli belgeleri imzalaman\u0131z\u0131 isteyebiliriz.<\/p>\n\n\n\n<p>Zeal, ba\u015fvurunun do\u011frulanmas\u0131 ve taraf\u0131n\u0131zdan talep edilen herhangi bir materyalin bulunmas\u0131,&nbsp;al\u0131nmas\u0131, incelenmesi ve kopyalanmas\u0131 maliyetini kar\u015f\u0131lamak i\u00e7in idari bir \u00fccret talep edebilir.<\/p>\n<\/div><\/div>\n\n\n\n<h3 class=\"wp-block-heading\" id=\"h-ilave-degisiklik\">\u0130lave De\u011fi\u015fiklik<\/h3>\n\n\n\n<p>Zeal zaman zaman bu Bildirimdeki de\u011fi\u015fiklikleri Zeal&#8217;\u0131n web sitesinde yay\u0131nlayabilir ve Zeal&#8217;\u0131n hizmetini kullanmaya devam ederseniz, bu t\u00fcr de\u011fi\u015fiklikleri kabul etmi\u015f say\u0131l\u0131rs\u0131n\u0131z.<\/p>\n\n\n\n<p><\/p>\n","protected":false},"excerpt":{"rendered":"Gizlilik Politikas\u0131 Zeal Capital Market (Seychelles) Limited, ba\u011fl\u0131 kurulu\u015flar\u0131 ve i\u015ftirakleri (bundan b\u00f6yle &#8220;Zeal&#8220;) kamuya a\u00e7\u0131k olmayan bilgileri (bundan b\u00f6yle &#8220;Veri&#8220;) sizden al\u0131nan bilgileri gizli bir \u015fekilde saklamay\u0131, i\u015flemeyi ve kullanmay\u0131 taahh\u00fct eder. Bu Ki\u015fisel Veri Toplama Bildirimi (bundan b\u00f6yle &#8220;Bildirim&#8220;) a\u015fa\u011f\u0131dakileri dikkatinize sunmak i\u00e7indir: Zeal Taraf\u0131ndan Toplanan ve \u0130\u015flenen Veri T\u00fcr\u00fc Zeal size herhangi [&hellip;]","protected":false},"author":100,"featured_media":0,"parent":0,"menu_order":38,"comment_status":"closed","ping_status":"closed","template":"terms-and-conditions.php","meta":{"_acf_changed":false,"footnotes":""},"class_list":["post-265665","page","type-page","status-publish","hentry"],"acf":[],"_links":{"self":[{"href":"https:\/\/www.tr-zfx.com\/tr\/wp-json\/wp\/v2\/pages\/265665","targetHints":{"allow":["GET"]}}],"collection":[{"href":"https:\/\/www.tr-zfx.com\/tr\/wp-json\/wp\/v2\/pages"}],"about":[{"href":"https:\/\/www.tr-zfx.com\/tr\/wp-json\/wp\/v2\/types\/page"}],"author":[{"embeddable":true,"href":"https:\/\/www.tr-zfx.com\/tr\/wp-json\/wp\/v2\/users\/100"}],"replies":[{"embeddable":true,"href":"https:\/\/www.tr-zfx.com\/tr\/wp-json\/wp\/v2\/comments?post=265665"}],"version-history":[{"count":2,"href":"https:\/\/www.tr-zfx.com\/tr\/wp-json\/wp\/v2\/pages\/265665\/revisions"}],"predecessor-version":[{"id":360906,"href":"https:\/\/www.tr-zfx.com\/tr\/wp-json\/wp\/v2\/pages\/265665\/revisions\/360906"}],"wp:attachment":[{"href":"https:\/\/www.tr-zfx.com\/tr\/wp-json\/wp\/v2\/media?parent=265665"}],"curies":[{"name":"wp","href":"https:\/\/api.w.org\/{rel}","templated":true}]}}