{"id":257076,"date":"2021-09-08T12:19:08","date_gmt":"2021-09-08T12:19:08","guid":{"rendered":"https:\/\/www.zfx.com\/zeal-teknoloji\/"},"modified":"2023-08-11T17:02:57","modified_gmt":"2023-08-11T17:02:57","slug":"zeal-technology","status":"publish","type":"page","link":"https:\/\/www.tr-zfx.com\/tr\/zeal-technology\/","title":{"rendered":"Zeal Technology"},"content":{"rendered":"<style>.performance{display:flex;justify-content:space-around;padding-top:2.5rem !important;padding-right:1rem !important;padding-left:1rem !important}.performance__item{min-width:140px;text-align:center}.performance__item img{max-width:100% !important}.performance__item-name{font-family:'Open Sans';font-size:12px;line-height:16px;text-align:center;color:#fff;margin-top:24px}.performance__item-name_big{font-weight:bold;font-size:20px}.performance__item-circle{position:relative;display:flex;align-items:center;justify-content:center}.performance__item-text{font-family:'Open Sans';color:white;position:absolute;font-weight:bold;font-size:24px;line-height:18px}.performance__item-text_small{font-size:20px;line-height:18px}.performance__item-text_big{font-size:30px;line-height:28px}.performance__item-text_huge{font-size:40px;line-height:28px}.performance__item-subtext{font-size:12px;line-height:initial}.performance__item-subtext_big{font-size:16px} @media(max-width:460px){.performance__item{min-width:107px}.performance__item-name_big{font-size:16px}.performance{gap:15px}.performance__item-text{font-size:16px}}@media(max-width:380px){.performance__item{min-width:88px}.performance{gap:5px}.zeal-technology{word-break:break-all}.lego--hopscotch .lego__item{padding:8px 0}.lego--hopscotch .lego__item{flex-direction:column}}@media(min-width:768px){.lego--hopscotch .lego__item{flex-basis:50%;width:auto}:root .lego--hopscotch .lego__item,_:-ms-input-placeholder{flex-basis:auto;width:50%}}@media(min-width:1200px){.lego--hopscotch .lego__item{flex-basis:33.3333333333%;flex-grow:0;width:auto}:root .lego--hopscotch .lego__item,_:-ms-input-placeholder{flex-basis:auto;width:33.3333333333%}}<\/style>\n<div class=\"zeal-technology\">\n<div class=\"banner banner_zeal_technology zeal-technology__banner\">\n<div class=\"banner__media\">\n<div class=\"banner__former\"><\/div>\n<div class=\"banner__filler\"><\/div>\n<\/div>\n<div class=\"banner__content\">\n<div class=\"banner__container\">\n<h1 class=\"banner__title\">ZEAL TECHNOLOGY<\/h1>\n<div class=\"banner__text\">\n<p class=\"banner__paragraph\">Ticaret h\u0131z\u0131n\u0131z\u0131 ve verimlili\u011finizi optimize edin, profesyonel trader\u2019lar ve para y\u00f6neticileri i\u00e7in \u00f6zel olarak tasarlanm\u0131\u015ft\u0131r.<\/p>\n\n<\/div>\n<div class=\"banner__actions\"><a class=\"btn btn-lg btn-mariner banner__action\" href=\"\/tr\/zeal-technology-details\/#zeal-details__tab--overall-advantage\" data-edit=\"link\">HEMEN KE\u015eFED\u0130N<\/a><\/div>\n<\/div>\n<\/div>\n<\/div>\n<div class=\"zeal-technology__experts\">\n<div class=\"experts\">\n<h2 class=\"experts__title\">UZMAN KADRO<\/h2>\n<div class=\"experts__text\">\n<p class=\"experts__paragraph\">Kurumsal ve perakende arac\u0131l\u0131k sekt\u00f6rlerinde 15 y\u0131ldan fazla deneyime sahip geli\u015ftiricilerden olu\u015fan bir ekip.<\/p>\n<p class=\"experts__paragraph\">Ekibimiz, Zeal\u2019in MT4\/MT5 k\u00f6pr\u00fcs\u00fc, ECN toplay\u0131c\u0131s\u0131, bir CRM sistemi ve ZFX i\u00e7in \u00e7e\u015fitli eklentiler dahil olmak \u00fczere bir dizi tescilli \u00fcr\u00fcn geli\u015ftiren teknoloji uzmanlar\u0131 taraf\u0131ndan y\u00f6netilmektedir.<\/p>\n\n<\/div>\n<\/div>\n<\/div>\n<div class=\"zeal-technology__lego\">\n<div class=\"lego lego--hopscotch\">\n<h3 class=\"lego__title\">TEKNOLOJ\u0130K AVANTAJLAR<\/h3>\n<div class=\"lego__list\">\n<div class=\"lego__item lego__item--liquidity-providers-pool\">\n<div class=\"lego__tile\">\n<div class=\"lego__former\"><\/div>\n<div class=\"lego__content\">\n<div class=\"lego__id\"><\/div>\n<div class=\"lego__item-title\">\n<div class=\"zfx_edit_on\">Birden Fazla<\/div>\n<div class=\"zfx_edit_on\">Likidite Sa\u011flay\u0131c\u0131s\u0131n\u0131<\/div>\n<div class=\"zfx_edit_on\">Tek Bir Havuzda Birle\u015ftirin<\/div>\n<\/div>\n<\/div>\n<\/div>\n<\/div>\n<div class=\"lego__item lego__item--stack-of-coins\">\n<div class=\"lego__tile\">\n<div class=\"lego__former\"><\/div>\n<div class=\"lego__content\">\n<div class=\"lego__id\"><\/div>\n<div class=\"lego__item-title\">\n<div class=\"zfx_edit_on\">Piyasa Ortalamas\u0131ndan<\/div>\n<div class=\"zfx_edit_on\">Daha D\u00fc\u015f\u00fck<\/div>\n<div class=\"zfx_edit_on\">Ham Spread\u2019ler Sunun<\/div>\n<\/div>\n<\/div>\n<\/div>\n<\/div>\n<div class=\"lego__item lego__item--through-cubes\">\n<div class=\"lego__tile\">\n<div class=\"lego__former\"><\/div>\n<div class=\"lego__content\">\n<div class=\"lego__id\"><\/div>\n<div class=\"lego__item-title\">\n<div class=\"zfx_edit_on\">B\u00fcy\u00fck Pozisyonlar<\/div>\n<div class=\"zfx_edit_on\">Etkili Bir \u015eekilde<\/div>\n<div class=\"zfx_edit_on\">Y\u00fcr\u00fct\u00fcl\u00fcr<\/div>\n<\/div>\n<\/div>\n<\/div>\n<\/div>\n<div class=\"lego__item lego__item--truncated-through-pyramid\">\n<div class=\"lego__tile\">\n<div class=\"lego__former\"><\/div>\n<div class=\"lego__content\">\n<div class=\"lego__id\"><\/div>\n<div class=\"lego__item-title\">\n<div class=\"zfx_edit_on\">LP\u2019lerde<\/div>\n<div class=\"zfx_edit_on\"> &lt; 1 ms\u2019lik Ultra d\u00fc\u015f\u00fck<\/div>\n<div class=\"zfx_edit_on\">Gecikme ile<\/div>\n<div class=\"zfx_edit_on\">LD4\u2019te bar\u0131nd\u0131r\u0131lan sunucular<\/div>\n<\/div>\n<\/div>\n<\/div>\n<\/div>\n<div class=\"lego__item lego__item--server-case\">\n<div class=\"lego__tile\">\n<div class=\"lego__former\"><\/div>\n<div class=\"lego__content\">\n<div class=\"lego__id\"><\/div>\n<div class=\"lego__item-title\">\n<div class=\"zfx_edit_on\">G\u00fc\u00e7l\u00fc veritaban\u0131<\/div>\n<div class=\"zfx_edit_on\">ve raporlama merkezi<\/div>\n<\/div>\n<\/div>\n<\/div>\n<\/div>\n<\/div>\n<\/div>\n<\/div>\n<div class=\"zeal-technology__skirt\">\n<div class=\"zeal-technology__bridge\">\n<div class=\"media media_twilight_cookbook media_zeal_bridge\">\n<div class=\"media__row\">\n<h4 class=\"media__title\">Zeal MT4\/ MT5 K\u00f6pr\u00fcs\u00fc<\/h4>\n<div class=\"media__text\">\n<p class=\"media__paragraph\">Tescilli Zeal MT4\/MT5 k\u00f6pr\u00fcm\u00fcz, birden fazla finansal piyasayla ba\u011flant\u0131 kurmam\u0131z\u0131 sa\u011flayarak rekabet\u00e7i fiyat teklifleri ve uygulama sunmam\u0131z\u0131 sa\u011flar.<\/p>\n\n<\/div>\n<div class=\"media__actions\"><a class=\"btn btn-lg btn-mariner media__action media__action--discover-now\" href=\"\/tr\/zeal-technology-details\/#zeal-details__tab--zeal-bridge\" data-edit=\"link\">HEMEN KE\u015eFED\u0130N<\/a><\/div>\n<div class=\"media__recipe\">\n<div class=\"media__recipe-former\"><\/div>\n<div class=\"media__recipe-filler\">\n<h4 class=\"media__recipe-title\">K\u00f6pr\u00fc Performans\u0131<\/h4>\n<div class=\"media__recipe-tabs\">\n<div class=\"tab tab--arkanoid tab--twilight\">\n<ul id=\"tab--arkanoid\" class=\"nav nav-tabs nav-fill\" role=\"tablist\">\n \t<li class=\"nav-item\" role=\"presentation\"><a id=\"zeal-bridge__tab--frequency\" class=\"nav-link active\" role=\"tab\" href=\"#zeal-bridge__pane--frequency\" data-toggle=\"tab\" aria-controls=\"zeal-bridge__pane--frequency\" aria-selected=\"true\" data-edit=\"link\"><span>S\u0131kl\u0131k<\/span><\/a><\/li>\n \t<li class=\"nav-item\" role=\"presentation\"><a id=\"zeal-bridge__tab--channel\" class=\"nav-link\" role=\"tab\" href=\"#zeal-bridge__pane--channel\" data-toggle=\"tab\" aria-controls=\"zeal-bridge__pane--channel\" aria-selected=\"false\" data-edit=\"link\"><span>Kanal<\/span><\/a><\/li>\n \t<li class=\"nav-item\" role=\"presentation\"><a id=\"zeal-bridge__tab--loading\" class=\"nav-link\" role=\"tab\" href=\"#zeal-bridge__pane--loading\" data-toggle=\"tab\" aria-controls=\"zeal-bridge__pane--loading\" aria-selected=\"false\" data-edit=\"link\"><span>Y\u00fckleniyor<\/span><\/a><\/li>\n<\/ul>\n<div class=\"tab-content\">\n<div id=\"zeal-bridge__pane--frequency\" class=\"tab-pane fade show active\" role=\"tabpanel\" aria-labelledby=\"zeal-bridge__tab--frequency\">\n<div class=\"performance\">\n<div class=\"performance__item\">\n<div class=\"performance__item-circle\">\n                                                        <img decoding=\"async\" src=\"https:\/\/www.zfx.com\/wp-content\/uploads\/2021\/12\/frequency-1.svg\" class=\"performance__item-image\">\n<div class=\"performance__item-text performance__item-text_small\">\n                                                            20\n<div class=\"performance__item-subtext\">dk<\/div>\n<\/div>\n<\/div>\n<div class=\"performance__item-name\">Di\u011fer Brokerler<\/div>\n<\/div>\n<div class=\"performance__item\">\n<div class=\"performance__item-circle\">\n                                                        <img decoding=\"async\" src=\"https:\/\/www.zfx.com\/wp-content\/uploads\/2021\/12\/frequency-2.svg\" class=\"performance__item-image\">\n<div class=\"performance__item-text\">\n                                                            180\n<div class=\"performance__item-subtext performance__item-subtext_big\">dk<\/div>\n<\/div>\n<\/div>\n<div class=\"performance__item-name performance__item-name_big\">Zeal Technology<\/div>\n<\/div>\n<div class=\"performance__item\">\n<div class=\"performance__item-circle\">\n                                                        <img decoding=\"async\" src=\"https:\/\/www.zfx.com\/wp-content\/uploads\/2021\/12\/frequency-1.svg\" class=\"performance__item-image\">\n<div class=\"performance__item-text performance__item-text_small\">\n                                                            200\n<div class=\"performance__item-subtext\">dk<\/div>\n<\/div>\n<\/div>\n<div class=\"performance__item-name\">Sekt\u00f6rde \u0130lk 3<\/div>\n<\/div>\n<\/div>\n<\/div>\n<div id=\"zeal-bridge__pane--channel\" class=\"tab-pane fade\" role=\"tabpanel\" aria-labelledby=\"zeal-bridge__tab--channel\">\n<div class=\"performance\">\n<div class=\"performance__item\">\n<div class=\"performance__item-circle\">\n                                                        <img decoding=\"async\" src=\"https:\/\/www.zfx.com\/wp-content\/uploads\/2021\/12\/channel-1.svg\" class=\"performance__item-image\">\n<div class=\"performance__item-text\">1 veya 2<\/div>\n<\/div>\n<div class=\"performance__item-name\">Di\u011fer Brokerler<\/div>\n<\/div>\n<div class=\"performance__item\">\n<div class=\"performance__item-circle\">\n                                                        <img decoding=\"async\" src=\"https:\/\/www.zfx.com\/wp-content\/uploads\/2021\/12\/channel-2.svg\" class=\"performance__item-image\">\n<div class=\"performance__item-text performance__item-text_huge\">M+<\/div>\n<\/div>\n<div class=\"performance__item-name performance__item-name_big\">Zeal Technology<\/div>\n<\/div>\n<div class=\"performance__item\">\n<div class=\"performance__item-circle\">\n                                                        <img decoding=\"async\" src=\"https:\/\/www.zfx.com\/wp-content\/uploads\/2021\/12\/channel-3.svg\" class=\"performance__item-image\">\n<div class=\"performance__item-text\">M+<\/div>\n<\/div>\n<div class=\"performance__item-name\">Sekt\u00f6rde \u0130lk 3<\/div>\n<\/div>\n<\/div>\n<\/div>\n<div id=\"zeal-bridge__pane--loading\" class=\"tab-pane fade\" role=\"tabpanel\" aria-labelledby=\"zeal-bridge__tab--loading\">\n<div class=\"performance\">\n<div class=\"performance__item\">\n<div class=\"performance__item-circle\">\n                                                        <img decoding=\"async\" src=\"https:\/\/www.zfx.com\/wp-content\/uploads\/2021\/12\/loading-1.svg\" class=\"performance__item-image\">\n<div class=\"performance__item-text\"> 3 \/ sn<\/div>\n<\/div>\n<div class=\"performance__item-name\">Di\u011fer Brokerler<\/div>\n<\/div>\n<div class=\"performance__item\">\n<div class=\"performance__item-circle\">\n                                                        <img decoding=\"async\" src=\"https:\/\/www.zfx.com\/wp-content\/uploads\/2021\/12\/loading-2.svg\" class=\"performance__item-image\">\n<div class=\"performance__item-text performance__item-text_big\">50 \/ sn<\/div>\n<\/div>\n<div class=\"performance__item-name performance__item-name_big\">Zeal Technology<\/div>\n<\/div>\n<div class=\"performance__item\">\n<div class=\"performance__item-circle\">\n                                                        <img decoding=\"async\" src=\"https:\/\/www.zfx.com\/wp-content\/uploads\/2021\/12\/loading-2.svg\" class=\"performance__item-image\">\n<div class=\"performance__item-text\">50 \/ sn<\/div>\n<\/div>\n<div class=\"performance__item-name\">Sekt\u00f6rde \u0130lk 3<\/div>\n<\/div>\n<\/div>\n<\/div>\n<\/div>\n<\/div>\n<\/div>\n<\/div>\n<\/div>\n<\/div>\n<\/div>\n<\/div>\n<div class=\"zeal-technology__ecn\">\n<div class=\"media media_twilight_cookbook\">\n<div class=\"media__row\">\n<h4 class=\"media__title\">Zeal Electronic Communication Network (ECN)<\/h4>\n<div class=\"media__text\">\n<p class=\"media__paragraph\">ECN likidite \u00e7\u00f6z\u00fcm\u00fcm\u00fcz, yeniden fiyat teklifi, ret ve son bak\u0131\u015fta y\u00fcr\u00fctme olmayaca\u011f\u0131n\u0131 garanti eden ultra h\u0131zl\u0131 e\u015fle\u015ftirme motoru teknolojisine dayanmaktad\u0131r.<\/p>\n\n<\/div>\n<div class=\"media__actions\"><a class=\"btn btn-lg btn-mariner media__action media__action--discover-now\" href=\"\/tr\/zeal-technology-details\/#zeal-details__tab--ecn\" data-edit=\"link\">HEMEN KE\u015eFED\u0130N<\/a><\/div>\n<div class=\"media__recipe\">\n<div class=\"media__recipe-former\"><\/div>\n<div class=\"media__recipe-filler\">\n<ul class=\"list list_address_bar\">\n \t<li class=\"list__item\">\n<div class=\"list__text\">Mod\u00fcler Mimari<\/div><\/li>\n \t<li class=\"list__item\">\n<div class=\"list__text\">Y\u00fcksek \u00d6l\u00e7eklenebilirlik<\/div><\/li>\n \t<li class=\"list__item\">\n<div class=\"list__text\">Likidite Havuzu Deste\u011fi<\/div><\/li>\n \t<li class=\"list__item\">\n<div class=\"list__text\">Saniyede 300 000 Kote<\/div><\/li>\n \t<li class=\"list__item\">\n<div class=\"list__text\">Saniyede 50 000 Trade<\/div><\/li>\n \t<li class=\"list__item\">\n<div class=\"list__text\">G\u00fc\u00e7l\u00fc Optimize Edilmi\u015f Windows X64 C++ Hizmetleri<\/div><\/li>\n<\/ul>\n<\/div>\n<\/div>\n<\/div>\n<\/div>\n<\/div>\n<div class=\"zeal-technology__compare\">\n<div class=\"media media_twilight_compare\">\n<div class=\"media__row\">\n<h4 class=\"media__title\">ZEAL TECHNOLOGY PLATFORMU<\/h4>\n<h4 class=\"media__title\">D\u0130\u011eER BROKER PLATFORMU<\/h4>\n<div class=\"media__media\">\n<div class=\"media__former\"><\/div>\n<div class=\"media__filler no_verflow_zfx\"><img loading=\"lazy\" decoding=\"async\" loading=\"lazy\" class=\"media__img zfx_img_edit\" src=\"\/wp-content\/uploads\/2022\/08\/TCzcWVtC-zeal-ecn-core.cafd4c03.svg\" alt=\"Zeal ECN technology platform core\" width=\"539\" height=\"471\" data-edit=\"img\"><\/div>\n<\/div>\n<div class=\"media__media\">\n<div class=\"media__former\"><\/div>\n<div class=\"media__filler no_verflow_zfx\"><img loading=\"lazy\" decoding=\"async\" loading=\"lazy\" class=\"media__img zfx_img_edit\" src=\"\/wp-content\/uploads\/2022\/08\/Ar8fCpk5-other-broker-platform.e41bc8ee.svg\" alt=\"Other broker platform\" width=\"216\" height=\"433\" data-edit=\"img\"><\/div>\n<\/div>\n<\/div>\n<\/div>\n<\/div>\n<div class=\"zeal-technology__experience\">\n<div class=\"media media_twilight_picture\">\n<h4 class=\"media__title\">ZEAL TECHNOLOGY\u2019\u0130 DENEY\u0130MLEY\u0130N<\/h4>\n<div class=\"media__text\">\n<p class=\"media__paragraph\">Yeniden fiyat teklifi, ret ve son bak\u0131\u015fta y\u00fcr\u00fctme olmayaca\u011f\u0131n\u0131 garanti eden ultra h\u0131zl\u0131 e\u015fle\u015ftirme motoru teknolojimiz.<\/p>\n\n<\/div>\n<div class=\"media__actions\"><a class=\"media__action btn btn-shadow\" href=\"https:\/\/my.zfx.com\/tr\/reg\/truely\" data-edit=\"link\">HESAP A\u00c7IN<\/a><a class=\"media__action btn btn-shadow\" href=\"https:\/\/my.zfx.com\/tr\/reg\/truely\" data-edit=\"link\">DEMO HESAP<\/a><\/div>\n<div class=\"media__media\">\n<div class=\"media__former\"><\/div>\n<div class=\"media__filler\"><img loading=\"lazy\" decoding=\"async\" loading=\"lazy\" class=\"media__img\" style=\"mix-blend-mode: screen;\" src=\"\/wp-content\/uploads\/2020\/05\/Macbook-zeal-2.jpg\" alt=\"MacBook at twilight\" width=\"584\" height=\"200\" data-background-blend-mode=\"screen\" data-edit=\"img\"><\/div>\n<\/div>\n<\/div>\n<\/div>\n<\/div>\n<\/div>","protected":false},"excerpt":{"rendered":"ZEAL TECHNOLOGY Ticaret h\u0131z\u0131n\u0131z\u0131 ve verimlili\u011finizi optimize edin, profesyonel trader\u2019lar ve para y\u00f6neticileri i\u00e7in \u00f6zel olarak tasarlanm\u0131\u015ft\u0131r. HEMEN KE\u015eFED\u0130N UZMAN KADRO Kurumsal ve perakende arac\u0131l\u0131k sekt\u00f6rlerinde 15 y\u0131ldan fazla deneyime sahip geli\u015ftiricilerden olu\u015fan bir ekip. Ekibimiz, Zeal\u2019in MT4\/MT5 k\u00f6pr\u00fcs\u00fc, ECN toplay\u0131c\u0131s\u0131, bir CRM sistemi ve ZFX i\u00e7in \u00e7e\u015fitli eklentiler dahil olmak \u00fczere bir dizi tescilli [&hellip;]","protected":false},"author":100,"featured_media":0,"parent":0,"menu_order":70,"comment_status":"closed","ping_status":"closed","template":"","meta":{"_acf_changed":false,"footnotes":""},"class_list":["post-257076","page","type-page","status-publish","hentry"],"acf":[],"_links":{"self":[{"href":"https:\/\/www.tr-zfx.com\/tr\/wp-json\/wp\/v2\/pages\/257076","targetHints":{"allow":["GET"]}}],"collection":[{"href":"https:\/\/www.tr-zfx.com\/tr\/wp-json\/wp\/v2\/pages"}],"about":[{"href":"https:\/\/www.tr-zfx.com\/tr\/wp-json\/wp\/v2\/types\/page"}],"author":[{"embeddable":true,"href":"https:\/\/www.tr-zfx.com\/tr\/wp-json\/wp\/v2\/users\/100"}],"replies":[{"embeddable":true,"href":"https:\/\/www.tr-zfx.com\/tr\/wp-json\/wp\/v2\/comments?post=257076"}],"version-history":[{"count":0,"href":"https:\/\/www.tr-zfx.com\/tr\/wp-json\/wp\/v2\/pages\/257076\/revisions"}],"wp:attachment":[{"href":"https:\/\/www.tr-zfx.com\/tr\/wp-json\/wp\/v2\/media?parent=257076"}],"curies":[{"name":"wp","href":"https:\/\/api.w.org\/{rel}","templated":true}]}}